{"id":1238,"date":"2025-11-21T14:13:24","date_gmt":"2025-11-21T14:13:24","guid":{"rendered":"https:\/\/wengineering.de\/?page_id=1238"},"modified":"2025-11-21T14:28:33","modified_gmt":"2025-11-21T14:28:33","slug":"faq-datendisplay","status":"publish","type":"page","link":"https:\/\/wengineering.de\/en\/faq-datendisplay\/","title":{"rendered":"FAQ \u2013 WEngineering Datendisplay f\u00fcr BMW"},"content":{"rendered":"<div data-elementor-type=\"wp-page\" data-elementor-id=\"1238\" class=\"elementor elementor-1238\">\n\t\t\t\t<div class=\"elementor-element elementor-element-d8b425c e-flex e-con-boxed e-con e-parent\" data-id=\"d8b425c\" data-element_type=\"container\" data-e-type=\"container\">\n\t\t\t\t\t<div class=\"e-con-inner\">\n\t\t\t\t<div class=\"elementor-element elementor-element-6ddfa55 elementor-widget elementor-widget-text-editor\" data-id=\"6ddfa55\" data-element_type=\"widget\" data-e-type=\"widget\" data-widget_type=\"text-editor.default\">\n\t\t\t\t\t\t\t\t\t<h3 data-start=\"3140\" data-end=\"3191\"><strong data-start=\"3144\" data-end=\"3189\">1. Was ist ein WEngineering Datendisplay?<\/strong><\/h3><p data-start=\"3192\" data-end=\"3363\">Ein WEngineering Datendisplay ist ein Zusatzinstrument f\u00fcr BMW Fahrzeuge, das wichtige Motordaten wie \u00d6ltemperatur, Ladedruck und K\u00fchlmitteltemperatur in Echtzeit anzeigt.<\/p>\t\t\t\t\t\t\t\t<\/div>\n\t\t\t\t\t<\/div>\n\t\t\t\t<\/div>\n\t\t<div class=\"elementor-element elementor-element-6a233e5 e-flex e-con-boxed e-con e-parent\" data-id=\"6a233e5\" data-element_type=\"container\" data-e-type=\"container\">\n\t\t\t\t\t<div class=\"e-con-inner\">\n\t\t\t\t<div class=\"elementor-element elementor-element-2180129 elementor-widget-divider--view-line elementor-widget elementor-widget-divider\" data-id=\"2180129\" data-element_type=\"widget\" data-e-type=\"widget\" data-widget_type=\"divider.default\">\n\t\t\t\t\t\t\t<div class=\"elementor-divider\">\n\t\t\t<span class=\"elementor-divider-separator\">\n\t\t\t\t\t\t<\/span>\n\t\t<\/div>\n\t\t\t\t\t\t<\/div>\n\t\t\t\t\t<\/div>\n\t\t\t\t<\/div>\n\t\t<div class=\"elementor-element elementor-element-67a7544 e-flex e-con-boxed e-con e-parent\" data-id=\"67a7544\" data-element_type=\"container\" data-e-type=\"container\">\n\t\t\t\t\t<div class=\"e-con-inner\">\n\t\t\t\t<div class=\"elementor-element elementor-element-409f330 elementor-widget elementor-widget-text-editor\" data-id=\"409f330\" data-element_type=\"widget\" data-e-type=\"widget\" data-widget_type=\"text-editor.default\">\n\t\t\t\t\t\t\t\t\t<h3 data-start=\"3370\" data-end=\"3418\"><strong data-start=\"3374\" data-end=\"3416\">2. Wie wird das Display angeschlossen?<\/strong><\/h3><p data-start=\"3419\" data-end=\"3543\">Das Display wird direkt \u00fcber den CAN-Bus des BMW angeschlossen. Es sind keine zus\u00e4tzlichen Sensoren oder Umbauten notwendig.<\/p>\t\t\t\t\t\t\t\t<\/div>\n\t\t\t\t\t<\/div>\n\t\t\t\t<\/div>\n\t\t<div class=\"elementor-element elementor-element-169688a e-flex e-con-boxed e-con e-parent\" data-id=\"169688a\" data-element_type=\"container\" data-e-type=\"container\">\n\t\t\t\t\t<div class=\"e-con-inner\">\n\t\t\t\t<div class=\"elementor-element elementor-element-8ed6951 elementor-widget-divider--view-line elementor-widget elementor-widget-divider\" data-id=\"8ed6951\" data-element_type=\"widget\" data-e-type=\"widget\" data-widget_type=\"divider.default\">\n\t\t\t\t\t\t\t<div class=\"elementor-divider\">\n\t\t\t<span class=\"elementor-divider-separator\">\n\t\t\t\t\t\t<\/span>\n\t\t<\/div>\n\t\t\t\t\t\t<\/div>\n\t\t\t\t\t<\/div>\n\t\t\t\t<\/div>\n\t\t<div class=\"elementor-element elementor-element-f7d1464 e-flex e-con-boxed e-con e-parent\" data-id=\"f7d1464\" data-element_type=\"container\" data-e-type=\"container\">\n\t\t\t\t\t<div class=\"e-con-inner\">\n\t\t\t\t<div class=\"elementor-element elementor-element-bb6a58c elementor-widget elementor-widget-text-editor\" data-id=\"bb6a58c\" data-element_type=\"widget\" data-e-type=\"widget\" data-widget_type=\"text-editor.default\">\n\t\t\t\t\t\t\t\t\t<h3 data-start=\"3550\" data-end=\"3600\"><strong data-start=\"3554\" data-end=\"3598\">3. Kann ich das Display selbst einbauen?<\/strong><\/h3><p data-start=\"3601\" data-end=\"3737\">Ja. Die Installation ist Plug-and-Play und dauert je nach Modell 60 Minuten.<\/p>\t\t\t\t\t\t\t\t<\/div>\n\t\t\t\t\t<\/div>\n\t\t\t\t<\/div>\n\t\t<div class=\"elementor-element elementor-element-d078839 e-flex e-con-boxed e-con e-parent\" data-id=\"d078839\" data-element_type=\"container\" data-e-type=\"container\">\n\t\t\t\t\t<div class=\"e-con-inner\">\n\t\t\t\t<div class=\"elementor-element elementor-element-2c2ab9b elementor-widget-divider--view-line elementor-widget elementor-widget-divider\" data-id=\"2c2ab9b\" data-element_type=\"widget\" data-e-type=\"widget\" data-widget_type=\"divider.default\">\n\t\t\t\t\t\t\t<div class=\"elementor-divider\">\n\t\t\t<span class=\"elementor-divider-separator\">\n\t\t\t\t\t\t<\/span>\n\t\t<\/div>\n\t\t\t\t\t\t<\/div>\n\t\t\t\t\t<\/div>\n\t\t\t\t<\/div>\n\t\t<div class=\"elementor-element elementor-element-b920653 e-flex e-con-boxed e-con e-parent\" data-id=\"b920653\" data-element_type=\"container\" data-e-type=\"container\">\n\t\t\t\t\t<div class=\"e-con-inner\">\n\t\t\t\t<div class=\"elementor-element elementor-element-994602c elementor-widget elementor-widget-text-editor\" data-id=\"994602c\" data-element_type=\"widget\" data-e-type=\"widget\" data-widget_type=\"text-editor.default\">\n\t\t\t\t\t\t\t\t\t<h3 data-start=\"3744\" data-end=\"3792\"><strong data-start=\"3748\" data-end=\"3790\">4. Welche BMW Modelle sind kompatibel?<\/strong><\/h3><p data-start=\"3793\" data-end=\"3900\">Die Displays sind kompatibel mit BMW E-Reihe, F-Reihe und G-Reihe. Die genaue Passform h\u00e4ngt vom Modell ab.<\/p><ul><li data-start=\"3793\" data-end=\"3900\"><strong>E-Reihe: <\/strong>E60 E61 E90 E91 E92 E93 E70 E71 E81 E82 E87 E88\u00a0<\/li><li data-start=\"3793\" data-end=\"3900\"><strong>F-Reihe:<\/strong> F06 F10 F11 F12 F13 F20 F21 F22 F23 F87 F30 F31 F32 F33 F34 F36 F8x\u00a0<\/li><li data-start=\"3793\" data-end=\"3900\"><strong>G-Reihe:<\/strong> G30 G31 F90<\/li><\/ul>\t\t\t\t\t\t\t\t<\/div>\n\t\t\t\t\t<\/div>\n\t\t\t\t<\/div>\n\t\t<div class=\"elementor-element elementor-element-688831a e-flex e-con-boxed e-con e-parent\" data-id=\"688831a\" data-element_type=\"container\" data-e-type=\"container\">\n\t\t\t\t\t<div class=\"e-con-inner\">\n\t\t\t\t<div class=\"elementor-element elementor-element-4e7fbf8 elementor-widget-divider--view-line elementor-widget elementor-widget-divider\" data-id=\"4e7fbf8\" data-element_type=\"widget\" data-e-type=\"widget\" data-widget_type=\"divider.default\">\n\t\t\t\t\t\t\t<div class=\"elementor-divider\">\n\t\t\t<span class=\"elementor-divider-separator\">\n\t\t\t\t\t\t<\/span>\n\t\t<\/div>\n\t\t\t\t\t\t<\/div>\n\t\t\t\t\t<\/div>\n\t\t\t\t<\/div>\n\t\t<div class=\"elementor-element elementor-element-9f6d79e e-flex e-con-boxed e-con e-parent\" data-id=\"9f6d79e\" data-element_type=\"container\" data-e-type=\"container\">\n\t\t\t\t\t<div class=\"e-con-inner\">\n\t\t\t\t<div class=\"elementor-element elementor-element-19e3201 elementor-widget elementor-widget-text-editor\" data-id=\"19e3201\" data-element_type=\"widget\" data-e-type=\"widget\" data-widget_type=\"text-editor.default\">\n\t\t\t\t\t\t\t\t\t<h3 data-start=\"3907\" data-end=\"3954\"><strong data-start=\"3911\" data-end=\"3952\">5. Welche Daten zeigt das Display an?<\/strong><\/h3><p data-start=\"3955\" data-end=\"4005\">Es k\u00f6nnen u. a. folgende Werte angezeigt werden:<\/p><ul><li><strong>Temperature:<\/strong>\u00a0Water temperature, engine oil temperature*, transmission temperature**, charge air temperature, exhaust gas temperature, fuel temperature, outside temperature<\/li><li><strong>Pressure:<\/strong>\u00a0Boost pressure, rail pressure\/fuel pressure, oil pressure***, pressure before DPF, DPF differential pressure<\/li><li><strong>Miscellaneous:<\/strong>\u00a0Speed, torque, power, engine speed, acceleration, accelerator pedal position, air mass, lambda\/AFR, ignition timing, gear**, battery voltage<\/li><\/ul><h6>*Bestimmte Dieselfahrzeuge der E Modelle ben\u00f6tigen einen externen Sensor, **Nur in Verbindung mit Automatik\/DKG Getriebe, ***Nur wenn Werkseitig ein Sensor verbaut ist<\/h6>\t\t\t\t\t\t\t\t<\/div>\n\t\t\t\t\t<\/div>\n\t\t\t\t<\/div>\n\t\t<div class=\"elementor-element elementor-element-e3f6f50 e-flex e-con-boxed e-con e-parent\" data-id=\"e3f6f50\" data-element_type=\"container\" data-e-type=\"container\">\n\t\t\t\t\t<div class=\"e-con-inner\">\n\t\t\t\t<div class=\"elementor-element elementor-element-0e2ac27 elementor-widget-divider--view-line elementor-widget elementor-widget-divider\" data-id=\"0e2ac27\" data-element_type=\"widget\" data-e-type=\"widget\" data-widget_type=\"divider.default\">\n\t\t\t\t\t\t\t<div class=\"elementor-divider\">\n\t\t\t<span class=\"elementor-divider-separator\">\n\t\t\t\t\t\t<\/span>\n\t\t<\/div>\n\t\t\t\t\t\t<\/div>\n\t\t\t\t\t<\/div>\n\t\t\t\t<\/div>\n\t\t<div class=\"elementor-element elementor-element-f772c02 e-flex e-con-boxed e-con e-parent\" data-id=\"f772c02\" data-element_type=\"container\" data-e-type=\"container\">\n\t\t\t\t\t<div class=\"e-con-inner\">\n\t\t\t\t<div class=\"elementor-element elementor-element-83e2384 elementor-widget elementor-widget-text-editor\" data-id=\"83e2384\" data-element_type=\"widget\" data-e-type=\"widget\" data-widget_type=\"text-editor.default\">\n\t\t\t\t\t\t\t\t\t<h3 data-start=\"4139\" data-end=\"4199\"><strong data-start=\"4143\" data-end=\"4197\">6. Passt das Display optisch in den BMW Innenraum?<\/strong><\/h3><p data-start=\"4200\" data-end=\"4304\">Ja. Die Halterungen sind spezifisch f\u00fcr BMW entwickelt und f\u00fcgen sich optisch nahtlos ins Interieur ein. Die Farben entsprechen dem BMW Innenraum.<\/p>\t\t\t\t\t\t\t\t<\/div>\n\t\t\t\t\t<\/div>\n\t\t\t\t<\/div>\n\t\t<div class=\"elementor-element elementor-element-3acdcc0 e-flex e-con-boxed e-con e-parent\" data-id=\"3acdcc0\" data-element_type=\"container\" data-e-type=\"container\">\n\t\t\t\t\t<div class=\"e-con-inner\">\n\t\t\t\t<div class=\"elementor-element elementor-element-2700b77 elementor-widget-divider--view-line elementor-widget elementor-widget-divider\" data-id=\"2700b77\" data-element_type=\"widget\" data-e-type=\"widget\" data-widget_type=\"divider.default\">\n\t\t\t\t\t\t\t<div class=\"elementor-divider\">\n\t\t\t<span class=\"elementor-divider-separator\">\n\t\t\t\t\t\t<\/span>\n\t\t<\/div>\n\t\t\t\t\t\t<\/div>\n\t\t\t\t\t<\/div>\n\t\t\t\t<\/div>\n\t\t<div class=\"elementor-element elementor-element-e70dfb1 e-flex e-con-boxed e-con e-parent\" data-id=\"e70dfb1\" data-element_type=\"container\" data-e-type=\"container\">\n\t\t\t\t\t<div class=\"e-con-inner\">\n\t\t\t\t<div class=\"elementor-element elementor-element-198d6bc elementor-widget elementor-widget-text-editor\" data-id=\"198d6bc\" data-element_type=\"widget\" data-e-type=\"widget\" data-widget_type=\"text-editor.default\">\n\t\t\t\t\t\t\t\t\t<h3 data-start=\"4311\" data-end=\"4347\"><strong data-start=\"4315\" data-end=\"4345\">7. Gibt es Warnfunktionen?<\/strong><\/h3><p data-start=\"4348\" data-end=\"4441\">Ja. Das Display kann Warnungen f\u00fcr alle Signale wie \u00d6ltemperatur, Wassertemperatur usw. anzeigen. Die Warnung kann optisch durch F\u00e4rbung des Werts\/Balken oder als Meldung erfolgen.<\/p>\t\t\t\t\t\t\t\t<\/div>\n\t\t\t\t\t<\/div>\n\t\t\t\t<\/div>\n\t\t<div class=\"elementor-element elementor-element-ae551b8 e-flex e-con-boxed e-con e-parent\" data-id=\"ae551b8\" data-element_type=\"container\" data-e-type=\"container\">\n\t\t\t\t\t<div class=\"e-con-inner\">\n\t\t\t\t<div class=\"elementor-element elementor-element-4c54c40 elementor-widget-divider--view-line elementor-widget elementor-widget-divider\" data-id=\"4c54c40\" data-element_type=\"widget\" data-e-type=\"widget\" data-widget_type=\"divider.default\">\n\t\t\t\t\t\t\t<div class=\"elementor-divider\">\n\t\t\t<span class=\"elementor-divider-separator\">\n\t\t\t\t\t\t<\/span>\n\t\t<\/div>\n\t\t\t\t\t\t<\/div>\n\t\t\t\t\t<\/div>\n\t\t\t\t<\/div>\n\t\t<div class=\"elementor-element elementor-element-98b8186 e-flex e-con-boxed e-con e-parent\" data-id=\"98b8186\" data-element_type=\"container\" data-e-type=\"container\">\n\t\t\t\t\t<div class=\"e-con-inner\">\n\t\t\t\t<div class=\"elementor-element elementor-element-a8b760b elementor-widget elementor-widget-text-editor\" data-id=\"a8b760b\" data-element_type=\"widget\" data-e-type=\"widget\" data-widget_type=\"text-editor.default\">\n\t\t\t\t\t\t\t\t\t<h3 data-start=\"4448\" data-end=\"4506\"><strong data-start=\"4452\" data-end=\"4504\">8. Gibt es Analysefunktionen?<\/strong><\/h3><p data-start=\"4507\" data-end=\"4588\">Ja das Display speichert Maximalwerte und die dazugeh\u00f6rigen Umgebungswerte automatisch. So k\u00f6nnen sie beispielsweise sehen, bei welcher Drehzahl, Leistung, Ladedruck usw. die maximale Ladelufttemperatur erreicht wurde.<\/p>\t\t\t\t\t\t\t\t<\/div>\n\t\t\t\t\t<\/div>\n\t\t\t\t<\/div>\n\t\t<div class=\"elementor-element elementor-element-f7c00b6 e-flex e-con-boxed e-con e-parent\" data-id=\"f7c00b6\" data-element_type=\"container\" data-e-type=\"container\">\n\t\t\t\t\t<div class=\"e-con-inner\">\n\t\t\t\t<div class=\"elementor-element elementor-element-b9a0994 elementor-widget-divider--view-line elementor-widget elementor-widget-divider\" data-id=\"b9a0994\" data-element_type=\"widget\" data-e-type=\"widget\" data-widget_type=\"divider.default\">\n\t\t\t\t\t\t\t<div class=\"elementor-divider\">\n\t\t\t<span class=\"elementor-divider-separator\">\n\t\t\t\t\t\t<\/span>\n\t\t<\/div>\n\t\t\t\t\t\t<\/div>\n\t\t\t\t\t<\/div>\n\t\t\t\t<\/div>\n\t\t<div class=\"elementor-element elementor-element-4c93641 e-flex e-con-boxed e-con e-parent\" data-id=\"4c93641\" data-element_type=\"container\" data-e-type=\"container\">\n\t\t\t\t\t<div class=\"e-con-inner\">\n\t\t\t\t<div class=\"elementor-element elementor-element-32b1a30 elementor-widget elementor-widget-text-editor\" data-id=\"32b1a30\" data-element_type=\"widget\" data-e-type=\"widget\" data-widget_type=\"text-editor.default\">\n\t\t\t\t\t\t\t\t\t<h3 data-start=\"4595\" data-end=\"4646\"><strong data-start=\"4599\" data-end=\"4644\">9. Kann das Display Fehlercodes vom Motorsteuerger\u00e4t anzeigen und l\u00f6schen?<\/strong><\/h3><p data-start=\"4647\" data-end=\"4711\">Ja lesen und l\u00f6schen der Fehlercodes ist m\u00f6glich.<\/p>\t\t\t\t\t\t\t\t<\/div>\n\t\t\t\t\t<\/div>\n\t\t\t\t<\/div>\n\t\t<div class=\"elementor-element elementor-element-5229262 e-flex e-con-boxed e-con e-parent\" data-id=\"5229262\" data-element_type=\"container\" data-e-type=\"container\">\n\t\t\t\t\t<div class=\"e-con-inner\">\n\t\t\t\t<div class=\"elementor-element elementor-element-f4a9522 elementor-widget-divider--view-line elementor-widget elementor-widget-divider\" data-id=\"f4a9522\" data-element_type=\"widget\" data-e-type=\"widget\" data-widget_type=\"divider.default\">\n\t\t\t\t\t\t\t<div class=\"elementor-divider\">\n\t\t\t<span class=\"elementor-divider-separator\">\n\t\t\t\t\t\t<\/span>\n\t\t<\/div>\n\t\t\t\t\t\t<\/div>\n\t\t\t\t\t<\/div>\n\t\t\t\t<\/div>\n\t\t<div class=\"elementor-element elementor-element-0edfe7e e-flex e-con-boxed e-con e-parent\" data-id=\"0edfe7e\" data-element_type=\"container\" data-e-type=\"container\">\n\t\t\t\t\t<div class=\"e-con-inner\">\n\t\t\t\t<div class=\"elementor-element elementor-element-823c33c elementor-widget elementor-widget-text-editor\" data-id=\"823c33c\" data-element_type=\"widget\" data-e-type=\"widget\" data-widget_type=\"text-editor.default\">\n\t\t\t\t\t\t\t\t\t<h3 data-start=\"4718\" data-end=\"4757\"><strong data-start=\"4722\" data-end=\"4755\">10. Gibt es Firmware-Updates?<\/strong><\/h3><p data-start=\"4758\" data-end=\"4825\">Ja. Firmware-Updates k\u00f6nnen problemlos bei allen V3 Displays \u00fcber USB eingespielt werden.<\/p>\t\t\t\t\t\t\t\t<\/div>\n\t\t\t\t\t<\/div>\n\t\t\t\t<\/div>\n\t\t<div class=\"elementor-element elementor-element-d68fb07 e-flex e-con-boxed e-con e-parent\" data-id=\"d68fb07\" data-element_type=\"container\" data-e-type=\"container\">\n\t\t\t\t\t<div class=\"e-con-inner\">\n\t\t\t\t<div class=\"elementor-element elementor-element-ace004a elementor-widget-divider--view-line elementor-widget elementor-widget-divider\" data-id=\"ace004a\" data-element_type=\"widget\" data-e-type=\"widget\" data-widget_type=\"divider.default\">\n\t\t\t\t\t\t\t<div class=\"elementor-divider\">\n\t\t\t<span class=\"elementor-divider-separator\">\n\t\t\t\t\t\t<\/span>\n\t\t<\/div>\n\t\t\t\t\t\t<\/div>\n\t\t\t\t\t<\/div>\n\t\t\t\t<\/div>\n\t\t\t\t<\/div>","protected":false},"excerpt":{"rendered":"<p>1. Was ist ein WEngineering Datendisplay? Ein WEngineering Datendisplay ist ein Zusatzinstrument f\u00fcr BMW Fahrzeuge, das wichtige Motordaten wie \u00d6ltemperatur, Ladedruck und K\u00fchlmitteltemperatur in Echtzeit anzeigt. 2. Wie wird das Display angeschlossen? Das Display wird direkt \u00fcber den CAN-Bus des BMW angeschlossen. Es sind keine zus\u00e4tzlichen Sensoren oder Umbauten notwendig. 3. Kann ich das Display [&hellip;]<\/p>\n","protected":false},"author":1,"featured_media":0,"parent":0,"menu_order":0,"comment_status":"closed","ping_status":"closed","template":"","meta":{"footnotes":""},"class_list":["post-1238","page","type-page","status-publish","hentry"],"blocksy_meta":[],"_links":{"self":[{"href":"https:\/\/wengineering.de\/en\/wp-json\/wp\/v2\/pages\/1238","targetHints":{"allow":["GET"]}}],"collection":[{"href":"https:\/\/wengineering.de\/en\/wp-json\/wp\/v2\/pages"}],"about":[{"href":"https:\/\/wengineering.de\/en\/wp-json\/wp\/v2\/types\/page"}],"author":[{"embeddable":true,"href":"https:\/\/wengineering.de\/en\/wp-json\/wp\/v2\/users\/1"}],"replies":[{"embeddable":true,"href":"https:\/\/wengineering.de\/en\/wp-json\/wp\/v2\/comments?post=1238"}],"version-history":[{"count":7,"href":"https:\/\/wengineering.de\/en\/wp-json\/wp\/v2\/pages\/1238\/revisions"}],"predecessor-version":[{"id":1247,"href":"https:\/\/wengineering.de\/en\/wp-json\/wp\/v2\/pages\/1238\/revisions\/1247"}],"wp:attachment":[{"href":"https:\/\/wengineering.de\/en\/wp-json\/wp\/v2\/media?parent=1238"}],"curies":[{"name":"wp","href":"https:\/\/api.w.org\/{rel}","templated":true}]}}